{"id":970,"date":"2021-04-17T15:05:45","date_gmt":"2021-04-17T15:05:45","guid":{"rendered":"http:\/\/http:\/\/geomuseu.upc.edu\/\/?page_id=970"},"modified":"2022-01-19T09:17:48","modified_gmt":"2022-01-19T09:17:48","slug":"serveis-culturals","status":"publish","type":"page","link":"https:\/\/geomuseu.upc.edu\/index.php\/serveis-culturals\/","title":{"rendered":"SERVEIS CULTURALS"},"content":{"rendered":"\n<p>Activitats realitzades pel Geomuseu:<\/p>\n\n\n\n<ul class=\"wp-block-list\"><li><a href=\"https:\/\/geomuseu.upc.edu\/index.php\/sortides-geologiques\/\" type=\"page\" id=\"260\">Sortides geol\u00f2giques<\/a><\/li><li><a href=\"https:\/\/geomuseu.upc.edu\/index.php\/publicacions\/\" type=\"post\" id=\"36\">Publicacions<\/a><\/li><li><a href=\"https:\/\/geomuseu.upc.edu\/index.php\/consultes-tecniques\/\" type=\"post\" id=\"37\">Consultes t\u00e8cniques<\/a><\/li><li><a href=\"https:\/\/geomuseu.upc.edu\/index.php\/daltres-webs-dinteres\/\" type=\"post\" id=\"38\">Altres webs d&#8217;inter\u00e8s<\/a><\/li><li><a href=\"https:\/\/geomuseu.upc.edu\/index.php\/biblioteca-de-geologia\/\" type=\"post\" id=\"35\">Biblioteca de geologia<\/a><\/li><\/ul>\n\n\n\n<p><\/p>\n","protected":false},"excerpt":{"rendered":"<p>Activitats realitzades pel Geomuseu: Sortides geol\u00f2giques Publicacions Consultes t\u00e8cniques Altres webs d&#8217;inter\u00e8s Biblioteca de geologia<\/p>\n","protected":false},"author":1,"featured_media":0,"parent":0,"menu_order":0,"comment_status":"closed","ping_status":"closed","template":"","meta":{"footnotes":""},"class_list":["post-970","page","type-page","status-publish","hentry"],"_links":{"self":[{"href":"https:\/\/geomuseu.upc.edu\/index.php\/wp-json\/wp\/v2\/pages\/970","targetHints":{"allow":["GET"]}}],"collection":[{"href":"https:\/\/geomuseu.upc.edu\/index.php\/wp-json\/wp\/v2\/pages"}],"about":[{"href":"https:\/\/geomuseu.upc.edu\/index.php\/wp-json\/wp\/v2\/types\/page"}],"author":[{"embeddable":true,"href":"https:\/\/geomuseu.upc.edu\/index.php\/wp-json\/wp\/v2\/users\/1"}],"replies":[{"embeddable":true,"href":"https:\/\/geomuseu.upc.edu\/index.php\/wp-json\/wp\/v2\/comments?post=970"}],"version-history":[{"count":9,"href":"https:\/\/geomuseu.upc.edu\/index.php\/wp-json\/wp\/v2\/pages\/970\/revisions"}],"predecessor-version":[{"id":1931,"href":"https:\/\/geomuseu.upc.edu\/index.php\/wp-json\/wp\/v2\/pages\/970\/revisions\/1931"}],"wp:attachment":[{"href":"https:\/\/geomuseu.upc.edu\/index.php\/wp-json\/wp\/v2\/media?parent=970"}],"curies":[{"name":"wp","href":"https:\/\/api.w.org\/{rel}","templated":true}]}}