{"id":86,"date":"2021-01-22T08:41:58","date_gmt":"2021-01-22T08:41:58","guid":{"rendered":"http:\/\/http:\/\/geomuseu.upc.edu\/\/?page_id=86"},"modified":"2025-05-05T13:06:17","modified_gmt":"2025-05-05T13:06:17","slug":"novetats","status":"publish","type":"page","link":"https:\/\/geomuseu.upc.edu\/index.php\/novetats\/","title":{"rendered":"NOVETATS"},"content":{"rendered":"\n<p><strong>LES TERRES RARES<\/strong><\/p>\n\n\n<div class=\"wp-block-image\">\n<figure class=\"aligncenter size-full is-resized\"><img decoding=\"async\" width=\"567\" height=\"321\" data-src=\"https:\/\/geomuseu.upc.edu\/wp-content\/uploads\/2025\/05\/imagen-1.png\" alt=\"\" class=\"wp-image-2914 lazyload\" style=\"--smush-placeholder-width: 567px; --smush-placeholder-aspect-ratio: 567\/321;width:512px;height:auto\" data-srcset=\"https:\/\/geomuseu.upc.edu\/wp-content\/uploads\/2025\/05\/imagen-1.png 567w, https:\/\/geomuseu.upc.edu\/wp-content\/uploads\/2025\/05\/imagen-1-300x170.png 300w\" data-sizes=\"(max-width: 567px) 100vw, 567px\" src=\"data:image\/svg+xml;base64,PHN2ZyB3aWR0aD0iMSIgaGVpZ2h0PSIxIiB4bWxucz0iaHR0cDovL3d3dy53My5vcmcvMjAwMC9zdmciPjwvc3ZnPg==\" \/><\/figure>\n<\/div>\n\n<div class=\"wp-block-image\">\n<figure class=\"aligncenter size-full is-resized\"><img decoding=\"async\" width=\"567\" height=\"323\" data-src=\"https:\/\/geomuseu.upc.edu\/wp-content\/uploads\/2025\/05\/imagen.png\" alt=\"\" class=\"wp-image-2913 lazyload\" style=\"--smush-placeholder-width: 567px; --smush-placeholder-aspect-ratio: 567\/323;width:513px;height:auto\" data-srcset=\"https:\/\/geomuseu.upc.edu\/wp-content\/uploads\/2025\/05\/imagen.png 567w, https:\/\/geomuseu.upc.edu\/wp-content\/uploads\/2025\/05\/imagen-300x171.png 300w\" data-sizes=\"(max-width: 567px) 100vw, 567px\" src=\"data:image\/svg+xml;base64,PHN2ZyB3aWR0aD0iMSIgaGVpZ2h0PSIxIiB4bWxucz0iaHR0cDovL3d3dy53My5vcmcvMjAwMC9zdmciPjwvc3ZnPg==\" \/><\/figure>\n<\/div>\n\n\n<p><\/p>\n\n\n\n<p>Veniu al Museu de Geologia Valent\u00ed Masachs i podreu saber qu\u00e8 s\u00f3n els Minerals Cr\u00edtics, qu\u00e8 s\u00f3n les Terres Rares (dels que tant se\u2019n parlar als mitjans de comunicaci\u00f3) \u00a0i podreu veure\u2019ls f\u00edsicament a les vitrines i quines s\u00f3n les seves aplicacions. A m\u00e9s, una gran pantalla de tv us donar\u00e0 detalls on es fan servir tant en automoci\u00f3 com a diferents elements de la nostra societat en la vida quotidiana.<\/p>\n\n\n\n<p><strong>UNA NOVA &#8220;JOIA&#8221; AL MUSEU DE GEOLOGIA VALENT\u00cd MASACHS<\/strong><\/p>\n\n\n\n<figure class=\"wp-block-image size-full is-resized\"><img decoding=\"async\" width=\"567\" height=\"435\" data-src=\"https:\/\/geomuseu.upc.edu\/wp-content\/uploads\/2025\/03\/imagen.png\" alt=\"\" class=\"wp-image-2877 lazyload\" style=\"--smush-placeholder-width: 567px; --smush-placeholder-aspect-ratio: 567\/435;width:424px;height:auto\" data-srcset=\"https:\/\/geomuseu.upc.edu\/wp-content\/uploads\/2025\/03\/imagen.png 567w, https:\/\/geomuseu.upc.edu\/wp-content\/uploads\/2025\/03\/imagen-300x230.png 300w\" data-sizes=\"(max-width: 567px) 100vw, 567px\" src=\"data:image\/svg+xml;base64,PHN2ZyB3aWR0aD0iMSIgaGVpZ2h0PSIxIiB4bWxucz0iaHR0cDovL3d3dy53My5vcmcvMjAwMC9zdmciPjwvc3ZnPg==\" \/><\/figure>\n\n\n\n<p><br>Una nova \u201cjoia\u201d hem incorporat al museu, es tracta d\u2019una geoda de quars ametista de 150 Kg de pes i 80 cm de di\u00e0metre, procedent d\u2019Irai (Rio Grande do Sul) Brasil, donada pel col\u00b7leccionista barcelon\u00ed Josep Farr\u00e0s el dia 20 de mar\u00e7 de 2025. La qualitat del color dels cristalls i la seva respectable mida, fan que sigui un pe\u00e7a digna d\u2019admirar. Veniu a veure-la, no en sortireu decebuts!<\/p>\n\n\n\n<p><strong>MURAL DEL QUATERNARI DE LA VALL DEL CARDENER<\/strong><\/p>\n\n\n<div class=\"wp-block-image\">\n<figure class=\"aligncenter size-full\"><img decoding=\"async\" width=\"534\" height=\"355\" data-src=\"https:\/\/geomuseu.upc.edu\/wp-content\/uploads\/2024\/09\/imagen-3.png\" alt=\"\" class=\"wp-image-2760 lazyload\" data-srcset=\"https:\/\/geomuseu.upc.edu\/wp-content\/uploads\/2024\/09\/imagen-3.png 534w, https:\/\/geomuseu.upc.edu\/wp-content\/uploads\/2024\/09\/imagen-3-300x199.png 300w\" data-sizes=\"(max-width: 534px) 100vw, 534px\" src=\"data:image\/svg+xml;base64,PHN2ZyB3aWR0aD0iMSIgaGVpZ2h0PSIxIiB4bWxucz0iaHR0cDovL3d3dy53My5vcmcvMjAwMC9zdmciPjwvc3ZnPg==\" style=\"--smush-placeholder-width: 534px; --smush-placeholder-aspect-ratio: 534\/355;\" \/><\/figure>\n<\/div>\n\n\n<div class=\"wp-block-group is-vertical is-layout-flex wp-container-core-group-is-layout-8cf370e7 wp-block-group-is-layout-flex\">\n<p>1 \u2013 Terrasses fluvials hist\u00f2riques del Cardener. Reproduccions de l\u2019\u00e8poca (1929, 1940, 1960)<\/p>\n\n\n\n<p>2 \u2013 Esquema evolutiu de la formaci\u00f3 de terrasses fluvials. Tota la poblaci\u00f3 de Sant Joan de Vilatorrada i bona part del terme de Manresa s\u2019assenten sobre aquests terrenys. Les restes de graveres, d\u2019antuvi explotades, encara s\u2019hi poden recon\u00e8ixer.<\/p>\n\n\n\n<p>3 \u2013 Quadre evolutiu dels elefants. Per situar-se en el contingut paleontol\u00f2gic de les graveres.<\/p>\n\n\n\n<p>4 \u2013 Fam\u00edlia d\u2019elefants africans en un aiguamoll vora riu. Per il\u00b7lustrar comparativament&nbsp; el mateix ambient que freq\u00fcentarien els seus parents prehist\u00f2rics del Cardener. <\/p>\n\n\n\n<p>5 \u2013 Troballes hist\u00f2riques de restes d\u2019elefants prehist\u00f2rics a Manresa. Intervencions dirigides i posteriorment documentades cient\u00edficament pel Dr. MASACHS.<\/p>\n\n\n\n<p>6 \u2013 Elements dentaris (molars) trobats al Puigberenguer, de valuosa transcend\u00e8ncia pel coneixement del Quaternari peninsular. Un d\u2019aquests elements es pot observar a la vitrina relacionada.<\/p>\n\n\n\n<p>7 \u2013 Esquema anat\u00f2mic del crani d\u2019un elefant. Es pot observar la situaci\u00f3 dels elements dentaris (ullals i molars)<\/p>\n\n\n\n<p>8 \u2013 Il\u00b7lustraci\u00f3 d\u2019una mand\u00edbula d\u2019elefant, mostrant els molars inferiors en posici\u00f3 anat\u00f2mica.<\/p>\n<\/div>\n\n\n\n<p class=\"has-text-align-right\"><em>Elaborat i redactat per <strong>Josep Biosca Munts<\/strong><\/em><\/p>\n\n\n\n<p><strong>REMODELACI\u00d3 DE LA VITRINA F\u00d2SSILS DE L&#8217;EOC\u00c8: F\u00d2SSILS I CANVI CLIM\u00c0TIC<\/strong><\/p>\n\n\n\n<p>\u00c9s una contribuci\u00f3 del Museu de Geologia Valent\u00ed Masachs al coneixement del fenomen del CANVI CLIM\u00c0TIC, des del punt de vista geol\u00f2gic i com a causa natural.<br>Els canvis clim\u00e0tics detectats en el transcurs de la hist\u00f2ria geol\u00f2gica de la Terra, han estat d&#8217;una lentitud que es compta en milions d&#8217;anys, i que evidentment no han estat indu\u00efts per causes antr\u00f2piques.<br>Aqu\u00ed s&#8217;hi exposen els canvis en la distribuci\u00f3 geogr\u00e0fica de flores i faunes, explicades amb l&#8217;ajut d&#8217;elements actuals importats de pa\u00efsos intertropicals, comparant-los amb f\u00f2ssils del fons de la col\u00b7lecci\u00f3 paleontol\u00f2gica del Museu.<br>Dirigit a tota persona interessada per saber-ne m\u00e9s sobre el fenomen del Canvi Clim\u00e0tic i que desitgi apropar-se d&#8217;una forma activa, a resoldre un dels grans reptes que afronta la humanitat.<br>S&#8217;hi ofereix una informaci\u00f3 enfocada de manera did\u00e0ctica a ensenyants i estudiants de tots els nivells, especialment de <\/p>\n\n\n<div class=\"wp-block-image\">\n<figure class=\"alignright size-large is-resized\"><img decoding=\"async\" width=\"1024\" height=\"680\" data-src=\"https:\/\/geomuseu.upc.edu\/wp-content\/uploads\/2021\/06\/DSC_36b-1024x680.jpg\" alt=\"\" class=\"wp-image-1311 lazyload\" style=\"--smush-placeholder-width: 1024px; --smush-placeholder-aspect-ratio: 1024\/680;width:512px;height:340px\" data-srcset=\"https:\/\/geomuseu.upc.edu\/wp-content\/uploads\/2021\/06\/DSC_36b-1024x680.jpg 1024w, https:\/\/geomuseu.upc.edu\/wp-content\/uploads\/2021\/06\/DSC_36b-300x199.jpg 300w, https:\/\/geomuseu.upc.edu\/wp-content\/uploads\/2021\/06\/DSC_36b-768x510.jpg 768w, https:\/\/geomuseu.upc.edu\/wp-content\/uploads\/2021\/06\/DSC_36b-1536x1020.jpg 1536w, https:\/\/geomuseu.upc.edu\/wp-content\/uploads\/2021\/06\/DSC_36b-2048x1360.jpg 2048w\" data-sizes=\"(max-width: 1024px) 100vw, 1024px\" src=\"data:image\/svg+xml;base64,PHN2ZyB3aWR0aD0iMSIgaGVpZ2h0PSIxIiB4bWxucz0iaHR0cDovL3d3dy53My5vcmcvMjAwMC9zdmciPjwvc3ZnPg==\" \/><\/figure>\n<\/div>\n\n\n<p>Biologia, Ci\u00e8ncies de la Terra i Medi ambient. Cadasc\u00fa se&#8217;n pot prendre el nivell informatiu que li calgui, ja que existeix la possibilitat d&#8217;enfocar-ho des d&#8217;un alt nivell cient\u00edfic fins a la forma divulgativa m\u00e9s popular.<br>Pel concepte de &#8220;saber-ne m\u00e9s&#8221;, el visitant disposa d&#8217;un recull de codis QR que pot captar amb el m\u00f2bil i aix\u00ed emportar-se la informaci\u00f3 a casa.<\/p>\n\n\n\n<p><\/p>\n","protected":false},"excerpt":{"rendered":"<p>LES TERRES RARES Veniu al Museu de Geologia Valent\u00ed Masachs i podreu saber qu\u00e8 s\u00f3n&#46;&#46;&#46;<\/p>\n","protected":false},"author":1,"featured_media":0,"parent":0,"menu_order":0,"comment_status":"closed","ping_status":"closed","template":"","meta":{"footnotes":""},"class_list":["post-86","page","type-page","status-publish","hentry"],"_links":{"self":[{"href":"https:\/\/geomuseu.upc.edu\/index.php\/wp-json\/wp\/v2\/pages\/86","targetHints":{"allow":["GET"]}}],"collection":[{"href":"https:\/\/geomuseu.upc.edu\/index.php\/wp-json\/wp\/v2\/pages"}],"about":[{"href":"https:\/\/geomuseu.upc.edu\/index.php\/wp-json\/wp\/v2\/types\/page"}],"author":[{"embeddable":true,"href":"https:\/\/geomuseu.upc.edu\/index.php\/wp-json\/wp\/v2\/users\/1"}],"replies":[{"embeddable":true,"href":"https:\/\/geomuseu.upc.edu\/index.php\/wp-json\/wp\/v2\/comments?post=86"}],"version-history":[{"count":20,"href":"https:\/\/geomuseu.upc.edu\/index.php\/wp-json\/wp\/v2\/pages\/86\/revisions"}],"predecessor-version":[{"id":2928,"href":"https:\/\/geomuseu.upc.edu\/index.php\/wp-json\/wp\/v2\/pages\/86\/revisions\/2928"}],"wp:attachment":[{"href":"https:\/\/geomuseu.upc.edu\/index.php\/wp-json\/wp\/v2\/media?parent=86"}],"curies":[{"name":"wp","href":"https:\/\/api.w.org\/{rel}","templated":true}]}}