{"id":85,"date":"2021-01-22T08:41:56","date_gmt":"2021-01-22T08:41:56","guid":{"rendered":"http:\/\/http:\/\/geomuseu.upc.edu\/\/?page_id=85"},"modified":"2021-02-10T10:05:48","modified_gmt":"2021-02-10T10:05:48","slug":"coleccions","status":"publish","type":"page","link":"https:\/\/geomuseu.upc.edu\/index.php\/coleccions\/","title":{"rendered":"COL\u00b7LECCIONS"},"content":{"rendered":"\n<p>Una part del fons del museu est\u00e0 formada per diferents col\u00b7leccions que hi han arribat en forma de llegat o donatius.<\/p>\n\n\n\n<p>Les col\u00b7leccions m\u00e9s notables s\u00f3n:&nbsp;<\/p>\n\n\n\n<ul class=\"wp-block-list\"><li><strong>Josep Llu\u00eds Serch i Valls<\/strong><strong>&nbsp;(1983)<\/strong>, formada per uns 100 minerals, b\u00e0sicament d&#8217;Andalusia i Extremadura, de molt inter\u00e8s geol\u00f2gic.<\/li><li><strong>Carles Curto i Mil\u00e0 (1991)<\/strong>, formada per 216 minerals d&#8217;arreu del m\u00f3n amb una qualitat extraordin\u00e0ria i de gran inter\u00e8s mineral\u00f2gic.<\/li><li><strong>Josep Closas i Miralles (1997)<\/strong>, llegat constitu\u00eft per 2300 minerals i roques amb peces de bona qualitat, algunes de gran raresa i d&#8217;altres d&#8217;inter\u00e8s geol\u00f2gic-mineral\u00f2gic.<\/li><li><strong>Jaume Serrate (2002)<\/strong>, conjunt d&#8217;uns1200 minerals, amb mostres de molta bellesa i d&#8217;altres amb molt inter\u00e8s did\u00e0ctic, utilitzades habitualment a classe.<\/li><\/ul>\n","protected":false},"excerpt":{"rendered":"<p>Una part del fons del museu est\u00e0 formada per diferents col\u00b7leccions que hi han arribat&#46;&#46;&#46;<\/p>\n","protected":false},"author":1,"featured_media":0,"parent":0,"menu_order":0,"comment_status":"closed","ping_status":"closed","template":"","meta":{"footnotes":""},"class_list":["post-85","page","type-page","status-publish","hentry"],"_links":{"self":[{"href":"https:\/\/geomuseu.upc.edu\/index.php\/wp-json\/wp\/v2\/pages\/85","targetHints":{"allow":["GET"]}}],"collection":[{"href":"https:\/\/geomuseu.upc.edu\/index.php\/wp-json\/wp\/v2\/pages"}],"about":[{"href":"https:\/\/geomuseu.upc.edu\/index.php\/wp-json\/wp\/v2\/types\/page"}],"author":[{"embeddable":true,"href":"https:\/\/geomuseu.upc.edu\/index.php\/wp-json\/wp\/v2\/users\/1"}],"replies":[{"embeddable":true,"href":"https:\/\/geomuseu.upc.edu\/index.php\/wp-json\/wp\/v2\/comments?post=85"}],"version-history":[{"count":3,"href":"https:\/\/geomuseu.upc.edu\/index.php\/wp-json\/wp\/v2\/pages\/85\/revisions"}],"predecessor-version":[{"id":822,"href":"https:\/\/geomuseu.upc.edu\/index.php\/wp-json\/wp\/v2\/pages\/85\/revisions\/822"}],"wp:attachment":[{"href":"https:\/\/geomuseu.upc.edu\/index.php\/wp-json\/wp\/v2\/media?parent=85"}],"curies":[{"name":"wp","href":"https:\/\/api.w.org\/{rel}","templated":true}]}}