{"id":837,"date":"2021-02-10T11:36:01","date_gmt":"2021-02-10T11:36:01","guid":{"rendered":"http:\/\/http:\/\/geomuseu.upc.edu\/\/?page_id=837"},"modified":"2022-01-19T09:17:14","modified_gmt":"2022-01-19T09:17:14","slug":"servicios-culturales","status":"publish","type":"page","link":"https:\/\/geomuseu.upc.edu\/index.php\/es\/servicios-culturales\/","title":{"rendered":"SERVICIOS CULTURALES"},"content":{"rendered":"\n<p>Actividades realizadas por el Geomuseo:<\/p>\n\n\n\n<ul class=\"wp-block-list\"><li><a href=\"https:\/\/geomuseu.upc.edu\/index.php\/es\/salidas-geologico-ambientales\/\" type=\"page\" id=\"567\">Salidas Geol\u00f3gico-Ambientales<\/a><\/li><li><a href=\"https:\/\/geomuseu.upc.edu\/index.php\/es\/biblioteca-de-geologia-2\/\" type=\"post\" id=\"490\">Biblioteca de geolog\u00eda<\/a><\/li><li><a href=\"https:\/\/geomuseu.upc.edu\/index.php\/es\/publicaciones\/\" type=\"post\" id=\"492\">Publicaciones<\/a><\/li><li><a href=\"https:\/\/geomuseu.upc.edu\/index.php\/es\/consultas-tecnicas\/\" type=\"post\" id=\"496\">Consultas t\u00e9cnicas<\/a><\/li><li><a href=\"https:\/\/geomuseu.upc.edu\/index.php\/es\/otras-webs-de-interes\/\" type=\"post\" id=\"500\">Otras webs de inter\u00e9s<\/a><\/li><\/ul>\n\n\n\n<p><\/p>\n","protected":false},"excerpt":{"rendered":"<p>Actividades realizadas por el Geomuseo: Salidas Geol\u00f3gico-Ambientales Biblioteca de geolog\u00eda Publicaciones Consultas t\u00e9cnicas Otras webs&#46;&#46;&#46;<\/p>\n","protected":false},"author":1,"featured_media":0,"parent":0,"menu_order":0,"comment_status":"closed","ping_status":"closed","template":"","meta":{"footnotes":""},"class_list":["post-837","page","type-page","status-publish","hentry"],"_links":{"self":[{"href":"https:\/\/geomuseu.upc.edu\/index.php\/wp-json\/wp\/v2\/pages\/837","targetHints":{"allow":["GET"]}}],"collection":[{"href":"https:\/\/geomuseu.upc.edu\/index.php\/wp-json\/wp\/v2\/pages"}],"about":[{"href":"https:\/\/geomuseu.upc.edu\/index.php\/wp-json\/wp\/v2\/types\/page"}],"author":[{"embeddable":true,"href":"https:\/\/geomuseu.upc.edu\/index.php\/wp-json\/wp\/v2\/users\/1"}],"replies":[{"embeddable":true,"href":"https:\/\/geomuseu.upc.edu\/index.php\/wp-json\/wp\/v2\/comments?post=837"}],"version-history":[{"count":8,"href":"https:\/\/geomuseu.upc.edu\/index.php\/wp-json\/wp\/v2\/pages\/837\/revisions"}],"predecessor-version":[{"id":1926,"href":"https:\/\/geomuseu.upc.edu\/index.php\/wp-json\/wp\/v2\/pages\/837\/revisions\/1926"}],"wp:attachment":[{"href":"https:\/\/geomuseu.upc.edu\/index.php\/wp-json\/wp\/v2\/media?parent=837"}],"curies":[{"name":"wp","href":"https:\/\/api.w.org\/{rel}","templated":true}]}}