{"id":567,"date":"2021-02-02T11:56:05","date_gmt":"2021-02-02T11:56:05","guid":{"rendered":"http:\/\/http:\/\/geomuseu.upc.edu\/\/?page_id=567"},"modified":"2026-02-02T08:36:17","modified_gmt":"2026-02-02T08:36:17","slug":"salidas-geologico-ambientales","status":"publish","type":"page","link":"https:\/\/geomuseu.upc.edu\/index.php\/es\/salidas-geologico-ambientales\/","title":{"rendered":"SALIDAS GEOL\u00d3GICAS"},"content":{"rendered":"\n<p>Peri\u00f3dicamente el Museo organiza salidas de reconocimiento geol\u00f3gico, mineral\u00f3gico y ambiental por diferentes lugares de Catalunya y la Pen\u00ednsula Ib\u00e9rica. Salidas que van dirigidas a los educadores, alumnos y p\u00fablico en general.<br><br>A) SALIDAS y OTROS<\/p>\n\n\n\n<p>B <a href=\"https:\/\/geomuseu.upc.edu\/wp-content\/uploads\/2026\/02\/Info-131.pdf\" data-type=\"link\" data-id=\"https:\/\/geomuseu.upc.edu\/wp-content\/uploads\/2026\/02\/Info-131.pdf\">SALIDAS GEOL\u00d3GICAS y Congresos<\/a><\/p>\n\n\n\n<p>C) ITINERARIOS: <a href=\"https:\/\/geomuseu.upc.edu\/wp-content\/uploads\/2022\/07\/LLISTAT-RECORREGUTS-GEOLOGICS-PER-LA-CATALUNYA-CENTRAL.pdf\" data-type=\"URL\" data-id=\"https:\/\/geomuseu.upc.edu\/wp-content\/uploads\/2022\/07\/LLISTAT-RECORREGUTS-GEOLOGICS-PER-LA-CATALUNYA-CENTRAL.pdf\">Recorridos geol\u00f3gicos por la Catalunya Central (J.M.Perell\u00f3)<\/a><\/p>\n\n\n\n<p>D) REUNIONES, ENCUENTROS, SIMPOSIOS<\/p>\n\n\n\n<p>E) OTRAS EN PREVISI\u00d3N<\/p>\n\n\n\n<p><strong>LUGARES DE INFORMACI\u00d3N:<br><\/strong><br>Museu de Geologia &#8220;Valent\u00ed Masachs&#8221; de la UPC. Tel. 93 877 72 41  C:&nbsp;<a href=\"mailto:rocpetrus@hotmail.com\">rocpetrus@hotmail.com<\/a><br><br><a href=\"http:\/\/es.cdl.cat\/\">Col.legi de Doctors i Llicenciats<\/a>&nbsp;(Delegaci\u00f3 del Bages-Bergued\u00e0). Tel. 93 876 82 57 (todos los d\u00edas de 17:30 a 19:30)<\/p>\n\n\n\n<p><\/p>\n","protected":false},"excerpt":{"rendered":"<p>Peri\u00f3dicamente el Museo organiza salidas de reconocimiento geol\u00f3gico, mineral\u00f3gico y ambiental por diferentes lugares de&#46;&#46;&#46;<\/p>\n","protected":false},"author":1,"featured_media":0,"parent":0,"menu_order":0,"comment_status":"closed","ping_status":"closed","template":"","meta":{"footnotes":""},"class_list":["post-567","page","type-page","status-publish","hentry"],"_links":{"self":[{"href":"https:\/\/geomuseu.upc.edu\/index.php\/wp-json\/wp\/v2\/pages\/567","targetHints":{"allow":["GET"]}}],"collection":[{"href":"https:\/\/geomuseu.upc.edu\/index.php\/wp-json\/wp\/v2\/pages"}],"about":[{"href":"https:\/\/geomuseu.upc.edu\/index.php\/wp-json\/wp\/v2\/types\/page"}],"author":[{"embeddable":true,"href":"https:\/\/geomuseu.upc.edu\/index.php\/wp-json\/wp\/v2\/users\/1"}],"replies":[{"embeddable":true,"href":"https:\/\/geomuseu.upc.edu\/index.php\/wp-json\/wp\/v2\/comments?post=567"}],"version-history":[{"count":102,"href":"https:\/\/geomuseu.upc.edu\/index.php\/wp-json\/wp\/v2\/pages\/567\/revisions"}],"predecessor-version":[{"id":3125,"href":"https:\/\/geomuseu.upc.edu\/index.php\/wp-json\/wp\/v2\/pages\/567\/revisions\/3125"}],"wp:attachment":[{"href":"https:\/\/geomuseu.upc.edu\/index.php\/wp-json\/wp\/v2\/media?parent=567"}],"curies":[{"name":"wp","href":"https:\/\/api.w.org\/{rel}","templated":true}]}}