{"id":526,"date":"2021-02-02T10:50:48","date_gmt":"2021-02-02T10:50:48","guid":{"rendered":"http:\/\/http:\/\/geomuseu.upc.edu\/\/?page_id=526"},"modified":"2022-01-19T09:09:35","modified_gmt":"2022-01-19T09:09:35","slug":"contacto","status":"publish","type":"page","link":"https:\/\/geomuseu.upc.edu\/index.php\/es\/contacto\/","title":{"rendered":"CONTACTO"},"content":{"rendered":"\n<div class=\"wp-block-columns is-layout-flex wp-container-core-columns-is-layout-9d6595d7 wp-block-columns-is-layout-flex\">\n<div class=\"wp-block-column is-layout-flow wp-block-column-is-layout-flow\">\n<div class=\"wpforms-container wpforms-container-full\" id=\"wpforms-523\"><form id=\"wpforms-form-523\" class=\"wpforms-validate wpforms-form\" data-formid=\"523\" method=\"post\" enctype=\"multipart\/form-data\" action=\"\/index.php\/wp-json\/wp\/v2\/pages\/526\" data-token=\"e31938d99288704924d6cd2cca3257da\" data-token-time=\"1777370134\"><noscript class=\"wpforms-error-noscript\">Please enable JavaScript in your browser to complete this form.<\/noscript><div class=\"wpforms-field-container\"><div id=\"wpforms-523-field_0-container\" class=\"wpforms-field wpforms-field-name\" data-field-id=\"0\"><label class=\"wpforms-field-label\" for=\"wpforms-523-field_0\">Nombre y Apellidos <span class=\"wpforms-required-label\">*<\/span><\/label><input type=\"text\" id=\"wpforms-523-field_0\" class=\"wpforms-field-large wpforms-field-required\" name=\"wpforms[fields][0]\" required><\/div><div id=\"wpforms-523-field_1-container\" class=\"wpforms-field wpforms-field-email\" data-field-id=\"1\"><label class=\"wpforms-field-label\" for=\"wpforms-523-field_1\">Email <span class=\"wpforms-required-label\">*<\/span><\/label><input type=\"email\" id=\"wpforms-523-field_1\" class=\"wpforms-field-large wpforms-field-required\" name=\"wpforms[fields][1]\" spellcheck=\"false\" required><\/div><div id=\"wpforms-523-field_2-container\" class=\"wpforms-field wpforms-field-textarea\" data-field-id=\"2\"><label class=\"wpforms-field-label\" for=\"wpforms-523-field_2\">Mensaje <span class=\"wpforms-required-label\">*<\/span><\/label><textarea id=\"wpforms-523-field_2\" class=\"wpforms-field-medium wpforms-field-required\" name=\"wpforms[fields][2]\" required><\/textarea><\/div><\/div><!-- .wpforms-field-container --><div class=\"wpforms-recaptcha-container wpforms-is-recaptcha wpforms-is-recaptcha-type-v3\" ><input type=\"hidden\" name=\"wpforms[recaptcha]\" value=\"\"><\/div><div class=\"wpforms-submit-container\" ><input type=\"hidden\" name=\"wpforms[id]\" value=\"523\"><input type=\"hidden\" name=\"page_title\" value=\"\"><input type=\"hidden\" name=\"page_url\" value=\"https:\/\/geomuseu.upc.edu\/index.php\/wp-json\/wp\/v2\/pages\/526\"><input type=\"hidden\" name=\"url_referer\" value=\"\"><button type=\"submit\" name=\"wpforms[submit]\" id=\"wpforms-submit-523\" class=\"wpforms-submit\" data-alt-text=\"Enviando..\" data-submit-text=\"Enviar\" aria-live=\"assertive\" value=\"wpforms-submit\">Enviar<\/button><\/div><\/form><\/div>  <!-- .wpforms-container -->\n<\/div>\n\n\n\n<div class=\"wp-block-column is-layout-flow wp-block-column-is-layout-flow\">\n<p id=\"block-c1d3832a-d563-4c20-9757-221963d67605\">Museo de Geolog\u00eda &#8220;Valent\u00ed Masachs&#8221;<\/p>\n\n\n\n<p id=\"block-e59ba8bf-32f4-4beb-b080-9bd49329d91f\">Edificio de la&nbsp;<a href=\"http:\/\/www.epsem.upc.edu\/?set_language=es\">Escuela Polit\u00e9cnica Superior de Ingenieria de Manresa. (EPSEM)<\/a><\/p>\n\n\n\n<p id=\"block-5afaa14b-4aa1-4c55-bc87-9ffe06c3198e\">Av. de les Bases de Manresa, 61-73<\/p>\n\n\n\n<p id=\"block-c5d56b58-1711-467d-abc0-da0ddb09f6aa\">08242 Manresa (Bages) &#8211; Catalunya<\/p>\n\n\n\n<p id=\"block-0d595e0b-9488-4875-9fb1-5a67b91cc610\">Tel. 93 877 72 41 \/\u00a0 93 877 72 00<\/p>\n\n\n\n<p id=\"block-825de41a-ea5a-445e-8d71-922f8e650fd6\">correu-e:&nbsp;<a href=\"mailto:geomuseu@upc.edu\">geomuseu@upc.edu<\/a><\/p>\n\n\n\n<figure class=\"wp-block-image\" id=\"block-2f3784f0-77c3-4941-98bd-7f6909f45f73\"><img decoding=\"async\" data-src=\"https:\/\/geomuseu.upc.edu\/wp-content\/uploads\/2021\/01\/Captura-1.png\" alt=\"This image has an empty alt attribute; its file name is Captura-1.png\" src=\"data:image\/svg+xml;base64,PHN2ZyB3aWR0aD0iMSIgaGVpZ2h0PSIxIiB4bWxucz0iaHR0cDovL3d3dy53My5vcmcvMjAwMC9zdmciPjwvc3ZnPg==\" class=\"lazyload\" style=\"--smush-placeholder-width: 522px; --smush-placeholder-aspect-ratio: 522\/388;\" \/><\/figure>\n<\/div>\n<\/div>\n","protected":false},"excerpt":{"rendered":"<p>Museo de Geolog\u00eda &#8220;Valent\u00ed Masachs&#8221; Edificio de la&nbsp;Escuela Polit\u00e9cnica Superior de Ingenieria de Manresa. (EPSEM)&#46;&#46;&#46;<\/p>\n","protected":false},"author":1,"featured_media":0,"parent":0,"menu_order":0,"comment_status":"closed","ping_status":"closed","template":"","meta":{"footnotes":""},"class_list":["post-526","page","type-page","status-publish","hentry"],"_links":{"self":[{"href":"https:\/\/geomuseu.upc.edu\/index.php\/wp-json\/wp\/v2\/pages\/526","targetHints":{"allow":["GET"]}}],"collection":[{"href":"https:\/\/geomuseu.upc.edu\/index.php\/wp-json\/wp\/v2\/pages"}],"about":[{"href":"https:\/\/geomuseu.upc.edu\/index.php\/wp-json\/wp\/v2\/types\/page"}],"author":[{"embeddable":true,"href":"https:\/\/geomuseu.upc.edu\/index.php\/wp-json\/wp\/v2\/users\/1"}],"replies":[{"embeddable":true,"href":"https:\/\/geomuseu.upc.edu\/index.php\/wp-json\/wp\/v2\/comments?post=526"}],"version-history":[{"count":5,"href":"https:\/\/geomuseu.upc.edu\/index.php\/wp-json\/wp\/v2\/pages\/526\/revisions"}],"predecessor-version":[{"id":1906,"href":"https:\/\/geomuseu.upc.edu\/index.php\/wp-json\/wp\/v2\/pages\/526\/revisions\/1906"}],"wp:attachment":[{"href":"https:\/\/geomuseu.upc.edu\/index.php\/wp-json\/wp\/v2\/media?parent=526"}],"curies":[{"name":"wp","href":"https:\/\/api.w.org\/{rel}","templated":true}]}}