{"id":466,"date":"2021-02-02T09:25:10","date_gmt":"2021-02-02T09:25:10","guid":{"rendered":"http:\/\/http:\/\/geomuseu.upc.edu\/\/?page_id=466"},"modified":"2021-02-02T09:29:29","modified_gmt":"2021-02-02T09:29:29","slug":"466-2","status":"publish","type":"page","link":"https:\/\/geomuseu.upc.edu\/index.php\/es\/466-2\/","title":{"rendered":"COLECCIONES"},"content":{"rendered":"\n<p>Una parte del fondo del museo est\u00e1 formada por diferentes colecciones que han llegado en forma de legado o donativos.<\/p>\n\n\n\n<p>Las colecciones m\u00e1s notables son:<\/p>\n\n\n\n<p><strong>Josep Llu\u00eds Serch i Valls (1983)<\/strong>, formada por unos 100 minerales, b\u00e1sicamente de Andaluc\u00eda y Extremadura, de gran inter\u00e9s geol\u00f3gico.<\/p>\n\n\n\n<p><strong>Carles Curto i Mil\u00e0 (1991)<\/strong>, formada por 216 minerales de todo el mundo de una calidad extraordinaria y de gran inter\u00e9s mineral\u00f3gico.<\/p>\n\n\n\n<p><strong>Josep Closas i Miralles (1997)<\/strong>, legado constituido por 2300 minerales y rocas con piezas de buena calidad, algunas de gran rareza y otras de inter\u00e9s geol\u00f3gico-mineral\u00f3gico.<\/p>\n\n\n\n<p><strong>Jaume Serrate (2002)<\/strong>, conjunto de unos1200 minerales, con muestras de mucha belleza y otras con gran inter\u00e9s did\u00e1ctico, utilizadas habitualmente en clase.<\/p>\n","protected":false},"excerpt":{"rendered":"<p>Una parte del fondo del museo est\u00e1 formada por diferentes colecciones que han llegado en&#46;&#46;&#46;<\/p>\n","protected":false},"author":1,"featured_media":0,"parent":0,"menu_order":0,"comment_status":"closed","ping_status":"closed","template":"","meta":{"footnotes":""},"class_list":["post-466","page","type-page","status-publish","hentry"],"_links":{"self":[{"href":"https:\/\/geomuseu.upc.edu\/index.php\/wp-json\/wp\/v2\/pages\/466","targetHints":{"allow":["GET"]}}],"collection":[{"href":"https:\/\/geomuseu.upc.edu\/index.php\/wp-json\/wp\/v2\/pages"}],"about":[{"href":"https:\/\/geomuseu.upc.edu\/index.php\/wp-json\/wp\/v2\/types\/page"}],"author":[{"embeddable":true,"href":"https:\/\/geomuseu.upc.edu\/index.php\/wp-json\/wp\/v2\/users\/1"}],"replies":[{"embeddable":true,"href":"https:\/\/geomuseu.upc.edu\/index.php\/wp-json\/wp\/v2\/comments?post=466"}],"version-history":[{"count":2,"href":"https:\/\/geomuseu.upc.edu\/index.php\/wp-json\/wp\/v2\/pages\/466\/revisions"}],"predecessor-version":[{"id":471,"href":"https:\/\/geomuseu.upc.edu\/index.php\/wp-json\/wp\/v2\/pages\/466\/revisions\/471"}],"wp:attachment":[{"href":"https:\/\/geomuseu.upc.edu\/index.php\/wp-json\/wp\/v2\/media?parent=466"}],"curies":[{"name":"wp","href":"https:\/\/api.w.org\/{rel}","templated":true}]}}