{"id":2709,"date":"2024-07-05T10:57:03","date_gmt":"2024-07-05T10:57:03","guid":{"rendered":"https:\/\/geomuseu.upc.edu\/?page_id=2709"},"modified":"2025-02-05T08:05:23","modified_gmt":"2025-02-05T08:05:23","slug":"collections","status":"publish","type":"page","link":"https:\/\/geomuseu.upc.edu\/index.php\/fr\/collections\/","title":{"rendered":"COLLECTIONS"},"content":{"rendered":"\n<p>COLLECTIONS<\/p>\n\n\n\n<p>Une partie de la collection du mus\u00e9e est constitu\u00e9e de diff\u00e9rentes collections qui<br>ont \u00e9t\u00e9 l\u00e9gu\u00e9es ou donn\u00e9es.<br>Les collections les plus importantes sont :<\/p>\n\n\n\n<ul class=\"wp-block-list\">\n<li>Josep Llu\u00eds Serch i Valls (1983), compos\u00e9 d&#8217;environ 100 min\u00e9raux,<br>essentiellement d&#8217;Andalousie et d&#8217;Estr\u00e9madure, d&#8217;un grand int\u00e9r\u00eat<br>g\u00e9ologique.<\/li>\n\n\n\n<li>Carles Curto i Mil\u00e0 (1991), compos\u00e9 de 216 min\u00e9raux du monde entier,<br>d&#8217;une qualit\u00e9 extraordinaire et d&#8217;un grand int\u00e9r\u00eat min\u00e9ralogique.<\/li>\n\n\n\n<li>Josep Closas i Miralles (1997), un h\u00e9ritage de 2300 min\u00e9raux et roches<br>avec des pi\u00e8ces de bonne qualit\u00e9, certaines d&#8217;une grande raret\u00e9 et<br>d&#8217;autres d&#8217;un grand int\u00e9r\u00eat g\u00e9ologique et min\u00e9ralogique.<\/li>\n\n\n\n<li>Jaume Serrate (2002), une collection d&#8217;environ 1200 min\u00e9raux, avec des<br>\u00e9chantillons d&#8217;une grande beaut\u00e9 et d&#8217;autres d&#8217;un grand int\u00e9r\u00eat didactique,<br>r\u00e9guli\u00e8rement utilis\u00e9s en classe.<\/li>\n<\/ul>\n","protected":false},"excerpt":{"rendered":"<p>COLLECTIONS Une partie de la collection du mus\u00e9e est constitu\u00e9e de diff\u00e9rentes collections quiont \u00e9t\u00e9&#46;&#46;&#46;<\/p>\n","protected":false},"author":1,"featured_media":0,"parent":0,"menu_order":0,"comment_status":"closed","ping_status":"closed","template":"","meta":{"footnotes":""},"class_list":["post-2709","page","type-page","status-publish","hentry"],"_links":{"self":[{"href":"https:\/\/geomuseu.upc.edu\/index.php\/wp-json\/wp\/v2\/pages\/2709","targetHints":{"allow":["GET"]}}],"collection":[{"href":"https:\/\/geomuseu.upc.edu\/index.php\/wp-json\/wp\/v2\/pages"}],"about":[{"href":"https:\/\/geomuseu.upc.edu\/index.php\/wp-json\/wp\/v2\/types\/page"}],"author":[{"embeddable":true,"href":"https:\/\/geomuseu.upc.edu\/index.php\/wp-json\/wp\/v2\/users\/1"}],"replies":[{"embeddable":true,"href":"https:\/\/geomuseu.upc.edu\/index.php\/wp-json\/wp\/v2\/comments?post=2709"}],"version-history":[{"count":1,"href":"https:\/\/geomuseu.upc.edu\/index.php\/wp-json\/wp\/v2\/pages\/2709\/revisions"}],"predecessor-version":[{"id":2710,"href":"https:\/\/geomuseu.upc.edu\/index.php\/wp-json\/wp\/v2\/pages\/2709\/revisions\/2710"}],"wp:attachment":[{"href":"https:\/\/geomuseu.upc.edu\/index.php\/wp-json\/wp\/v2\/media?parent=2709"}],"curies":[{"name":"wp","href":"https:\/\/api.w.org\/{rel}","templated":true}]}}