{"id":260,"date":"2021-01-27T10:16:11","date_gmt":"2021-01-27T10:16:11","guid":{"rendered":"http:\/\/http:\/\/geomuseu.upc.edu\/\/?page_id=260"},"modified":"2026-02-02T08:35:48","modified_gmt":"2026-02-02T08:35:48","slug":"sortides-geologiques","status":"publish","type":"page","link":"https:\/\/geomuseu.upc.edu\/index.php\/sortides-geologiques\/","title":{"rendered":"SORTIDES GEOL\u00d2GIQUES"},"content":{"rendered":"\n<p>Peri\u00f2dicament el Museu organitza sortides de reconeixement geol\u00f2gic, mineral\u00f2gic i ambiental per diferents indrets de Catalunya i la Pen\u00ednsula Ib\u00e8rica. Sortides que van adre\u00e7ades als ensenyants, alumnes i p\u00fablic en general.<\/p>\n\n\n\n<p>A) XERRADES i M\u00c9S<\/p>\n\n\n\n<p>B) <a href=\"https:\/\/geomuseu.upc.edu\/wp-content\/uploads\/2026\/02\/Info-131.pdf\" data-type=\"link\" data-id=\"https:\/\/geomuseu.upc.edu\/wp-content\/uploads\/2026\/02\/Info-131.pdf\">SORTIDES GEOL\u00d2GIQUES i Congressos<\/a><\/p>\n\n\n\n<p>C) ITINERARIS: <a href=\"https:\/\/geomuseu.upc.edu\/wp-content\/uploads\/2022\/07\/LLISTAT-RECORREGUTS-GEOLOGICS-PER-LA-CATALUNYA-CENTRAL.pdf\" data-type=\"URL\" data-id=\"https:\/\/geomuseu.upc.edu\/wp-content\/uploads\/2022\/07\/LLISTAT-RECORREGUTS-GEOLOGICS-PER-LA-CATALUNYA-CENTRAL.pdf\">Recorreguts geol\u00f2gics per la Catalunya Central (J.M.Mata<\/a>) <\/p>\n\n\n\n<p>D) REUNIONS, TROBADES I SIMPOSIS<\/p>\n\n\n\n<p>E) ALTRES EN PREVISI\u00d3<\/p>\n\n\n\n<p><strong>LLOCS D&#8217;INFORMACI\u00d3:<\/strong><\/p>\n\n\n\n<p>Museu de Geologia &#8220;Valent\u00ed Masachs&#8221; de la UPC. Tel. 93 877 72 41  C:&nbsp;<a href=\"mailto:rocpetrus@hotmail.com\">rocpetrus@hotmail.com<\/a><\/p>\n\n\n\n<p><a href=\"http:\/\/www.cdl.cat\/\" target=\"_blank\" rel=\"noreferrer noopener\">Col\u00b7legi de Doctors i Llicenciats&nbsp;<\/a>(Delegaci\u00f3 del Bages-Bergued\u00e0). Tel. 93 876 82 57 (tots els dies de 2\/4 de 6 a 2\/4 de 8 del vespre)<\/p>\n","protected":false},"excerpt":{"rendered":"<p>Peri\u00f2dicament el Museu organitza sortides de reconeixement geol\u00f2gic, mineral\u00f2gic i ambiental per diferents indrets de&#46;&#46;&#46;<\/p>\n","protected":false},"author":1,"featured_media":0,"parent":0,"menu_order":0,"comment_status":"closed","ping_status":"closed","template":"","meta":{"footnotes":""},"class_list":["post-260","page","type-page","status-publish","hentry"],"_links":{"self":[{"href":"https:\/\/geomuseu.upc.edu\/index.php\/wp-json\/wp\/v2\/pages\/260","targetHints":{"allow":["GET"]}}],"collection":[{"href":"https:\/\/geomuseu.upc.edu\/index.php\/wp-json\/wp\/v2\/pages"}],"about":[{"href":"https:\/\/geomuseu.upc.edu\/index.php\/wp-json\/wp\/v2\/types\/page"}],"author":[{"embeddable":true,"href":"https:\/\/geomuseu.upc.edu\/index.php\/wp-json\/wp\/v2\/users\/1"}],"replies":[{"embeddable":true,"href":"https:\/\/geomuseu.upc.edu\/index.php\/wp-json\/wp\/v2\/comments?post=260"}],"version-history":[{"count":123,"href":"https:\/\/geomuseu.upc.edu\/index.php\/wp-json\/wp\/v2\/pages\/260\/revisions"}],"predecessor-version":[{"id":3124,"href":"https:\/\/geomuseu.upc.edu\/index.php\/wp-json\/wp\/v2\/pages\/260\/revisions\/3124"}],"wp:attachment":[{"href":"https:\/\/geomuseu.upc.edu\/index.php\/wp-json\/wp\/v2\/media?parent=260"}],"curies":[{"name":"wp","href":"https:\/\/api.w.org\/{rel}","templated":true}]}}