{"id":2294,"date":"2023-05-24T09:40:35","date_gmt":"2023-05-24T09:40:35","guid":{"rendered":"https:\/\/geomuseu.upc.edu\/index.php\/inici-francais\/"},"modified":"2026-04-07T06:50:37","modified_gmt":"2026-04-07T06:50:37","slug":"inici-francais","status":"publish","type":"page","link":"https:\/\/geomuseu.upc.edu\/index.php\/fr\/inici-francais\/","title":{"rendered":"Introduction"},"content":{"rendered":"\n<h2 class=\"wp-block-heading\"><strong>Geomuseu<\/strong><\/h2>\n\n\n\n<figure class=\"wp-block-image size-large\"><img decoding=\"async\" width=\"1024\" height=\"680\" data-src=\"https:\/\/geomuseu.upc.edu\/wp-content\/uploads\/2026\/01\/facana-2-1024x680.jpg\" alt=\"\" class=\"wp-image-3113 lazyload\" data-srcset=\"https:\/\/geomuseu.upc.edu\/wp-content\/uploads\/2026\/01\/facana-2-1024x680.jpg 1024w, https:\/\/geomuseu.upc.edu\/wp-content\/uploads\/2026\/01\/facana-2-300x199.jpg 300w, https:\/\/geomuseu.upc.edu\/wp-content\/uploads\/2026\/01\/facana-2-768x510.jpg 768w, https:\/\/geomuseu.upc.edu\/wp-content\/uploads\/2026\/01\/facana-2-100x66.jpg 100w, https:\/\/geomuseu.upc.edu\/wp-content\/uploads\/2026\/01\/facana-2-1536x1020.jpg 1536w, https:\/\/geomuseu.upc.edu\/wp-content\/uploads\/2026\/01\/facana-2-2048x1360.jpg 2048w\" data-sizes=\"(max-width: 1024px) 100vw, 1024px\" src=\"data:image\/svg+xml;base64,PHN2ZyB3aWR0aD0iMSIgaGVpZ2h0PSIxIiB4bWxucz0iaHR0cDovL3d3dy53My5vcmcvMjAwMC9zdmciPjwvc3ZnPg==\" style=\"--smush-placeholder-width: 1024px; --smush-placeholder-aspect-ratio: 1024\/680;\" \/><\/figure>\n\n\n\n<p><\/p>\n\n\n\n<p><strong>ACTUALIT\u00c9S O NOUVELLES<\/strong><\/p>\n\n\n\n<p><a href=\"https:\/\/geomuseu.upc.edu\/wp-content\/uploads\/2025\/05\/Terres-rares.pdf\"><strong>Venez au mus\u00e9e et d\u00e9couvrez ce que sont les terres rares<\/strong><\/a><\/p>\n\n\n\n<p><a href=\"https:\/\/link.springer.com\/book\/10.1007\/978-3-030-85889-6\"><strong>Nouveau livre sur les \u00e9l\u00e9ments et les min\u00e9raux<\/strong><\/a><\/p>\n\n\n\n<p><strong><a href=\"https:\/\/geomuseu.upc.edu\/index.php\/novetats\/\">Un nouveau \u00ab&nbsp;joyau&nbsp;\u00bb au Mus\u00e9e Valent\u00ed Masachs de la g\u00e9ologie<\/a><\/strong><\/p>\n\n\n\n<p><a href=\"https:\/\/www.tiktok.com\/@upc_uni\/video\/7426444259244428576?is_from_webapp=1&amp;web_id=7415209232662201888\" target=\"_blank\" rel=\"noreferrer noopener\"><strong>The Geomuseu sur TikTok<\/strong><\/a><\/p>\n\n\n\n<p><a href=\"https:\/\/geomuseu.upc.edu\/index.php\/novetats\/\"><strong>Fresque du Quaternaire de la vall\u00e9e de Cardener<\/strong><\/a><\/p>\n\n\n\n<p><strong><a href=\"https:\/\/link.springer.com\/book\/10.1007\/978-3-030-85889-6\" target=\"_blank\" rel=\"noreferrer noopener\">Nouveau livre en anglais sur les \u00e9l\u00e9ments min\u00e9raux et les ressources<\/a><\/strong><\/p>\n","protected":false},"excerpt":{"rendered":"<p>Geomuseu ACTUALIT\u00c9S O NOUVELLES Venez au mus\u00e9e et d\u00e9couvrez ce que sont les terres rares&#46;&#46;&#46;<\/p>\n","protected":false},"author":1,"featured_media":0,"parent":0,"menu_order":0,"comment_status":"closed","ping_status":"closed","template":"","meta":{"footnotes":""},"class_list":["post-2294","page","type-page","status-publish","hentry"],"_links":{"self":[{"href":"https:\/\/geomuseu.upc.edu\/index.php\/wp-json\/wp\/v2\/pages\/2294","targetHints":{"allow":["GET"]}}],"collection":[{"href":"https:\/\/geomuseu.upc.edu\/index.php\/wp-json\/wp\/v2\/pages"}],"about":[{"href":"https:\/\/geomuseu.upc.edu\/index.php\/wp-json\/wp\/v2\/types\/page"}],"author":[{"embeddable":true,"href":"https:\/\/geomuseu.upc.edu\/index.php\/wp-json\/wp\/v2\/users\/1"}],"replies":[{"embeddable":true,"href":"https:\/\/geomuseu.upc.edu\/index.php\/wp-json\/wp\/v2\/comments?post=2294"}],"version-history":[{"count":15,"href":"https:\/\/geomuseu.upc.edu\/index.php\/wp-json\/wp\/v2\/pages\/2294\/revisions"}],"predecessor-version":[{"id":3152,"href":"https:\/\/geomuseu.upc.edu\/index.php\/wp-json\/wp\/v2\/pages\/2294\/revisions\/3152"}],"wp:attachment":[{"href":"https:\/\/geomuseu.upc.edu\/index.php\/wp-json\/wp\/v2\/media?parent=2294"}],"curies":[{"name":"wp","href":"https:\/\/api.w.org\/{rel}","templated":true}]}}