{"id":1134,"date":"2021-05-18T10:11:15","date_gmt":"2021-05-18T10:11:15","guid":{"rendered":"http:\/\/http:\/\/geomuseu.upc.edu\/\/?page_id=1134"},"modified":"2021-07-29T09:44:00","modified_gmt":"2021-07-29T09:44:00","slug":"silla-cam","status":"publish","type":"page","link":"https:\/\/geomuseu.upc.edu\/index.php\/es\/silla-cam\/","title":{"rendered":"SILLA-CAM"},"content":{"rendered":"\n<p>EQUIPO DE C\u00c1MARA + MONITOR ACOPLADO A SILLA DE RUEDAS PARA PODER VER VITRINAS Y OBJETOS A ALTURA, PARA ESTUDIANTES Y PERSONAS CON DISCAPACIDAD F\u00cdSICA.<\/p>\n\n\n\n<p>A ra\u00edz de las visitas que tenemos en el museo de personas discapacitadas f\u00edsicas que vienen al mismo con silla de ruedas, y de su imposibilidad de ver las vitrinas situadas entre 1,10 i 1,30m (que son la mayor\u00eda), y que nosotros no podemos bajar m\u00e1s,<\/p>\n\n\n\n<div class=\"wp-block-image\"><figure class=\"alignright is-resized\"><img decoding=\"async\" data-src=\"https:\/\/geomuseu.upc.edu\/wp-content\/uploads\/2021\/01\/cadira-cam-671x1024.jpg\" alt=\"This image has an empty alt attribute; its file name is cadira-cam-671x1024.jpg\" width=\"336\" height=\"512\" src=\"data:image\/svg+xml;base64,PHN2ZyB3aWR0aD0iMSIgaGVpZ2h0PSIxIiB4bWxucz0iaHR0cDovL3d3dy53My5vcmcvMjAwMC9zdmciPjwvc3ZnPg==\" class=\"lazyload\" style=\"--smush-placeholder-width: 336px; --smush-placeholder-aspect-ratio: 336\/512;\" \/><\/figure><\/div>\n\n\n\n<p>hemos preparado un equipo formado por una c\u00e1mara de tv fijada a un tubo, un&nbsp;monitor tft de 10\u201d y una bater\u00eda acoplados a una silla b\u00e1sica de ruedas que permitir\u00e1 la visualizaci\u00f3n de todas las vitrinas y objetos del museo situados a cualquier altura.<\/p>\n\n\n\n<p>La c\u00e1mara se acciona desde el mismo asiento donde la persona est\u00e1 sentada y donde hay la pantalla que le permite ver todas las im\u00e1genes captadas. Al mismo tiempo, podr\u00e1 accionar un zoom desde la misma silla que le permitir\u00e1 aproximar el objeto para verlo al detalle o bien alejarse para verlo en conjunto.<\/p>\n\n\n\n<p>La silla incorpora una mesa de transferencia que permite que la persona pueda pasar de su silla personal a esta.<\/p>\n\n\n\n<p>En el caso de no poder cambiarse f\u00edsicamente, se le acompa\u00f1ar\u00e1 con la&nbsp;<strong>silla-cam<\/strong>&nbsp;delante la suya y podr\u00e1 ver las vitrinas con la misma pantalla que permite el giro de 180\u00ba.<\/p>\n\n\n\n<p>Por los contactos que hemos hecho con otros museos de Catalunya, ninguno tiene un equipo similar. La idea original ha sido de Joaqu\u00edm Sanz i Balagu\u00e9, exdirector del Museu de Geologia Valent\u00ed Masachs y el montaje t\u00e9cnico lo ha realizado Josep M\u00aa Borr\u00e0s i Santill\u00e0n, de JMB -Sonoritzacions de Sant Fruit\u00f3s de Bages.&nbsp;<\/p>\n","protected":false},"excerpt":{"rendered":"<p>EQUIPO DE C\u00c1MARA + MONITOR ACOPLADO A SILLA DE RUEDAS PARA PODER VER VITRINAS Y&#46;&#46;&#46;<\/p>\n","protected":false},"author":1,"featured_media":0,"parent":0,"menu_order":0,"comment_status":"closed","ping_status":"closed","template":"","meta":{"footnotes":""},"class_list":["post-1134","page","type-page","status-publish","hentry"],"_links":{"self":[{"href":"https:\/\/geomuseu.upc.edu\/index.php\/wp-json\/wp\/v2\/pages\/1134","targetHints":{"allow":["GET"]}}],"collection":[{"href":"https:\/\/geomuseu.upc.edu\/index.php\/wp-json\/wp\/v2\/pages"}],"about":[{"href":"https:\/\/geomuseu.upc.edu\/index.php\/wp-json\/wp\/v2\/types\/page"}],"author":[{"embeddable":true,"href":"https:\/\/geomuseu.upc.edu\/index.php\/wp-json\/wp\/v2\/users\/1"}],"replies":[{"embeddable":true,"href":"https:\/\/geomuseu.upc.edu\/index.php\/wp-json\/wp\/v2\/comments?post=1134"}],"version-history":[{"count":2,"href":"https:\/\/geomuseu.upc.edu\/index.php\/wp-json\/wp\/v2\/pages\/1134\/revisions"}],"predecessor-version":[{"id":1758,"href":"https:\/\/geomuseu.upc.edu\/index.php\/wp-json\/wp\/v2\/pages\/1134\/revisions\/1758"}],"wp:attachment":[{"href":"https:\/\/geomuseu.upc.edu\/index.php\/wp-json\/wp\/v2\/media?parent=1134"}],"curies":[{"name":"wp","href":"https:\/\/api.w.org\/{rel}","templated":true}]}}