{"id":1132,"date":"2021-05-18T10:10:15","date_gmt":"2021-05-18T10:10:15","guid":{"rendered":"http:\/\/http:\/\/geomuseu.upc.edu\/\/?page_id=1132"},"modified":"2021-07-29T09:17:32","modified_gmt":"2021-07-29T09:17:32","slug":"cadira-cam-2","status":"publish","type":"page","link":"https:\/\/geomuseu.upc.edu\/index.php\/cadira-cam-2\/","title":{"rendered":"CADIRA \u2013 CAM"},"content":{"rendered":"\n<p>CADIRA-CAM: EQUIP DE C\u00c0MERA + MONITOR ACOBLAT A CADIRA DE RODES PER PODER VEURE VITRINES I OBJECTES EN AL\u00c7ADA, PER A ESTUDIANTS I&nbsp;PERSONES AMB DISCAPACITAT F\u00cdSICA.<\/p>\n\n\n\n<p>Arrel de les visites que tenim al museu de persones discapacitades f\u00edsiques que venen amb cadira de rodes i de la seva <\/p>\n\n\n\n<div class=\"wp-block-image\"><figure class=\"alignright size-large is-resized\"><img decoding=\"async\" data-src=\"https:\/\/geomuseu.upc.edu\/wp-content\/uploads\/2021\/01\/cadira-cam-671x1024.jpg\" alt=\"\" class=\"wp-image-156 lazyload\" width=\"336\" height=\"512\" data-srcset=\"https:\/\/geomuseu.upc.edu\/wp-content\/uploads\/2021\/01\/cadira-cam-671x1024.jpg 671w, https:\/\/geomuseu.upc.edu\/wp-content\/uploads\/2021\/01\/cadira-cam-196x300.jpg 196w, https:\/\/geomuseu.upc.edu\/wp-content\/uploads\/2021\/01\/cadira-cam-768x1173.jpg 768w, https:\/\/geomuseu.upc.edu\/wp-content\/uploads\/2021\/01\/cadira-cam-1006x1536.jpg 1006w, https:\/\/geomuseu.upc.edu\/wp-content\/uploads\/2021\/01\/cadira-cam-1341x2048.jpg 1341w, https:\/\/geomuseu.upc.edu\/wp-content\/uploads\/2021\/01\/cadira-cam.jpg 1544w\" data-sizes=\"(max-width: 336px) 100vw, 336px\" src=\"data:image\/svg+xml;base64,PHN2ZyB3aWR0aD0iMSIgaGVpZ2h0PSIxIiB4bWxucz0iaHR0cDovL3d3dy53My5vcmcvMjAwMC9zdmciPjwvc3ZnPg==\" style=\"--smush-placeholder-width: 336px; --smush-placeholder-aspect-ratio: 336\/512;\" \/><\/figure><\/div>\n\n\n\n<p>impossibilitat de veure les vitrines situades entre 1,10 i 1,30m (que s\u00f3n la majoria), i que nosaltres no podem abaixar m\u00e9s, hem preparat un equip format per una c\u00e0mera de TV fixada a un tub, un monitor tft de 10\u201d i una bateria acoblats a una cadira b\u00e0sica de rodes que permetr\u00e0 la visualitzaci\u00f3 de totes les vitrines i objectes del museu situats a qualsevol al\u00e7ada.<\/p>\n\n\n\n<p>La c\u00e0mera s\u2019acciona des del mateix seient on la persona seu i on hi t\u00e9 la pantalla que li permet veure totes les imatges captades. A la vegada, podr\u00e0 accionar un zoom des de la mateixa cadira que li permetr\u00e0 acostar l\u2019objecte per veure\u2019n el detall o b\u00e9 allunyar-se\u2019n per veure\u2019n el conjunt.<\/p>\n\n\n\n<p>La cadira incorpora una taula de transfer\u00e8ncia que permet que la persona pugui passar de la seva cadira personal a aquesta.<\/p>\n\n\n\n<p>En el cas de no poder-se canviar f\u00edsicament, se l\u2019acompanyar\u00e0 amb la&nbsp;<strong>cadira-cam<\/strong>&nbsp;davant la seva i podr\u00e0 veure les vitrines amb la mateixa pantalla que permet el gir de 180\u00ba.<\/p>\n\n\n\n<p>Pels contactes que hem fet amb d\u2019altres museus de Catalunya, cap t\u00e9 un equip similar. La idea original ha estat d\u2019en Joaquim Sanz i Balagu\u00e9, ex-director del Museu de Geologia Valent\u00ed Masachs i el muntatge t\u00e8cnic l\u2019ha realitzat en Josep M\u00aa Borr\u00e0s i Santill\u00e0n, de JMB -Sonoritzacions de Sant Fruit\u00f3s de Bages.&nbsp;<\/p>\n","protected":false},"excerpt":{"rendered":"<p>CADIRA-CAM: EQUIP DE C\u00c0MERA + MONITOR ACOBLAT A CADIRA DE RODES PER PODER VEURE VITRINES&#46;&#46;&#46;<\/p>\n","protected":false},"author":1,"featured_media":0,"parent":0,"menu_order":0,"comment_status":"closed","ping_status":"closed","template":"","meta":{"footnotes":""},"class_list":["post-1132","page","type-page","status-publish","hentry"],"_links":{"self":[{"href":"https:\/\/geomuseu.upc.edu\/index.php\/wp-json\/wp\/v2\/pages\/1132","targetHints":{"allow":["GET"]}}],"collection":[{"href":"https:\/\/geomuseu.upc.edu\/index.php\/wp-json\/wp\/v2\/pages"}],"about":[{"href":"https:\/\/geomuseu.upc.edu\/index.php\/wp-json\/wp\/v2\/types\/page"}],"author":[{"embeddable":true,"href":"https:\/\/geomuseu.upc.edu\/index.php\/wp-json\/wp\/v2\/users\/1"}],"replies":[{"embeddable":true,"href":"https:\/\/geomuseu.upc.edu\/index.php\/wp-json\/wp\/v2\/comments?post=1132"}],"version-history":[{"count":2,"href":"https:\/\/geomuseu.upc.edu\/index.php\/wp-json\/wp\/v2\/pages\/1132\/revisions"}],"predecessor-version":[{"id":1755,"href":"https:\/\/geomuseu.upc.edu\/index.php\/wp-json\/wp\/v2\/pages\/1132\/revisions\/1755"}],"wp:attachment":[{"href":"https:\/\/geomuseu.upc.edu\/index.php\/wp-json\/wp\/v2\/media?parent=1132"}],"curies":[{"name":"wp","href":"https:\/\/api.w.org\/{rel}","templated":true}]}}